 {"id":3,"date":"2025-05-06T16:16:43","date_gmt":"2025-05-06T16:16:43","guid":{"rendered":"https:\/\/efcac.eu\/?page_id=3"},"modified":"2025-05-07T07:18:50","modified_gmt":"2025-05-07T07:18:50","slug":"legal","status":"publish","type":"page","link":"https:\/\/efcac.eu\/de\/legal\/","title":{"rendered":"Rechtliches"},"content":{"rendered":"<div data-elementor-type=\"wp-page\" data-elementor-id=\"3\" class=\"elementor elementor-3\">\n\t\t\t\t<div class=\"elementor-element elementor-element-a59d55b e-flex e-con-boxed e-con e-parent\" data-id=\"a59d55b\" data-element_type=\"container\">\n\t\t\t\t\t<div class=\"e-con-inner\">\n\t\t\t\t<div class=\"elementor-element elementor-element-40704de elementor-widget elementor-widget-text-editor\" data-id=\"40704de\" data-element_type=\"widget\" data-widget_type=\"text-editor.default\">\n\t\t\t\t<div class=\"elementor-widget-container\">\n\t\t\t\t\t\t\t\t\t<p><strong>Europ\u00e4ische F\u00f6deration der konsularischen Vereinigungen und Konsuln (E.F.C.A.C.)<\/strong><br \/><strong> F\u00e9deration Europ\u00e9enne d' Associations Consulaires et de Consuls (F.E.A.C.C.) <\/strong><\/p>\n<p><em><span style=\"text-decoration: underline;\"><strong>B\u00fcro E.F.C.A.C. <\/strong><\/span><\/em><\/p>\n<p>Avenue Winston Churchill, 249\/16 B-1180 Br\u00fcssel BELGIEN\u00a0<\/p>\n<p><span style=\"text-decoration: underline;\"><em><strong>Rechtlicher Hinweis:<\/strong><\/em><\/span><\/p>\n<p>Die Websites der E.F.C.A.C. sollen der \u00d6ffentlichkeit den Zugang zu Informationen \u00fcber die Aktivit\u00e4ten der E.F.C.A.C. erleichtern. Sie sind jedoch nicht als Rechtsberatung gedacht, f\u00fcr die immer ein Fachmann zu Rate gezogen werden sollte. E.F.C.A.C. \u00fcbernimmt keine Haftung f\u00fcr die angebotenen Inhalte. Trotz aller Bem\u00fchungen kann keine Gew\u00e4hr f\u00fcr die Richtigkeit, Vollst\u00e4ndigkeit und Aktualit\u00e4t der Informationen sowie f\u00fcr die Verf\u00fcgbarkeit oder den Betrieb der Website \u00fcbernommen werden. Der Inhalt dieser Website ist rechtlich nicht bindend. E.F.C.A.C. kann keine Verantwortung f\u00fcr den Inhalt anderer Websites \u00fcbernehmen, auf die sie per Link verweist.<\/p>\n<p><span style=\"text-decoration: underline;\"><em><strong>Cookies und Datenschutz:<\/strong><\/em><\/span><\/p>\n<p class=\"\" data-start=\"275\" data-end=\"455\">Unter <strong data-start=\"278\" data-end=\"290\">efcac.eu<\/strong>Wir sch\u00e4tzen Ihre Privatsph\u00e4re und verpflichten uns, Ihre pers\u00f6nlichen Daten zu sch\u00fctzen. Auf dieser Seite wird erl\u00e4utert, wie wir Informationen sammeln, verwenden und speichern, wenn Sie unsere Website besuchen.<\/p>\n<p data-start=\"457\" data-end=\"478\">1. Verwendung von Cookies<\/p>\n<p class=\"\" data-start=\"480\" data-end=\"811\">Wir verwenden nur wichtige Cookies, um die Nutzererfahrung zu verbessern und um zu verstehen, wie unsere Website genutzt wird. Im Einzelnen, <strong data-start=\"598\" data-end=\"618\">Google Analytics<\/strong> wird eingesetzt, um anonyme Daten \u00fcber den Website-Verkehr und die Benutzerinteraktionen zu sammeln. Diese Cookies helfen uns bei der Analyse von Trends, der Verfolgung von Nutzerbewegungen und der Zusammenstellung von Gesamtdaten zur Verbesserung der Website.<\/p>\n<p data-start=\"813\" data-end=\"840\">2. Welche Daten wir sammeln<\/p>\n<p class=\"\" data-start=\"842\" data-end=\"912\">\u00dcber Google Analytics sammeln wir <strong data-start=\"879\" data-end=\"903\">anonyme Nutzungsdaten<\/strong> wie zum Beispiel:<\/p>\n<p class=\"\" data-start=\"916\" data-end=\"929\">- Besuchte Seiten<\/p>\n<p class=\"\" data-start=\"932\" data-end=\"955\">- Verweildauer auf jeder Seite<\/p>\n<p class=\"\" data-start=\"958\" data-end=\"981\">- Ger\u00e4t und Browsertyp<\/p>\n<p class=\"\" data-start=\"984\" data-end=\"1032\">- Allgemeine geografische Region (nicht genauer Standort)<\/p>\n<p class=\"\" data-start=\"1034\" data-end=\"1136\">Diese Daten sind <strong data-start=\"1049\" data-end=\"1056\">nicht<\/strong> enthalten keine personenbezogenen Daten und k\u00f6nnen nicht dazu verwendet werden, Sie zu identifizieren.<\/p>\n<p data-start=\"1138\" data-end=\"1159\">3. Vorratsdatenspeicherung<\/p>\n<p class=\"\" data-start=\"1161\" data-end=\"1301\">Die \u00fcber Google Analytics gesammelten Daten werden in \u00dcbereinstimmung mit den Richtlinien von Google gespeichert. Wir selbst speichern oder bewahren keine personenbezogenen Daten auf.<\/p>\n<p data-start=\"1303\" data-end=\"1333\">4. Keine pers\u00f6nlichen Informationen<\/p>\n<p class=\"\" data-start=\"1335\" data-end=\"1501\">efcac.eu tut <strong data-start=\"1349\" data-end=\"1356\">nicht<\/strong> pers\u00f6nliche Daten wie Namen, E-Mail-Adressen oder IP-Adressen zu sammeln, zu speichern oder weiterzugeben (mit Ausnahme dessen, was Google Analytics anonymisiert).<\/p>\n<p data-start=\"1503\" data-end=\"1526\">5. Verwaltung von Cookies<\/p>\n<p class=\"\" data-start=\"1528\" data-end=\"1722\">Sie k\u00f6nnen Cookies jederzeit \u00fcber Ihre Browsereinstellungen kontrollieren oder l\u00f6schen. F\u00fcr weitere Informationen besuchen Sie <a class=\"\" href=\"http:\/\/www.aboutcookies.org\" target=\"_new\" rel=\"noopener\" data-start=\"1633\" data-end=\"1684\">www.aboutcookies.org<\/a> oder sehen Sie im Hilfebereich Ihres Browsers nach.<\/p>\n<p data-start=\"1724\" data-end=\"1751\">6. Dienstleistungen von Drittanbietern<\/p>\n<p class=\"\" data-start=\"1753\" data-end=\"1964\">Wir verwenden <strong data-start=\"1760\" data-end=\"1780\">Google Analytics<\/strong>, einem Webanalysedienst der Google Inc. Weitere Einzelheiten \u00fcber die Verwendung dieser Daten durch Google finden Sie in der <a class=\"cursor-pointer\" target=\"_new\" rel=\"noopener\" data-start=\"1897\" data-end=\"1958\">Google Datenschutz &amp; Bedingungen<\/a> Seite.<\/p>\t\t\t\t\t\t\t\t<\/div>\n\t\t\t\t<\/div>\n\t\t\t\t\t<\/div>\n\t\t\t\t<\/div>\n\t\t\t\t<\/div>","protected":false},"excerpt":{"rendered":"<p>Europ\u00e4ische F\u00f6deration der Konsularverb\u00e4nde und Konsuln (E.F.C.A.C.) F\u00e9deration Europ\u00e9enne d' Associations Consulaires et de Consuls (F.E.A.C.C.) B\u00fcro E.F.C.A.C. Avenue Winston Churchill, 249\/16 B-1180 Br\u00fcssel BELGIEN Rechtlicher Hinweis: Die Websites der E.F.C.A.C. sollen der \u00d6ffentlichkeit den Zugang zu Informationen \u00fcber die Aktivit\u00e4ten der E.F.C.A.C. erleichtern. Sie sind jedoch nicht als Rechtsberatung gedacht,...<\/p>","protected":false},"author":1,"featured_media":0,"parent":0,"menu_order":0,"comment_status":"closed","ping_status":"closed","template":"elementor_header_footer","meta":{"_monsterinsights_skip_tracking":false,"_monsterinsights_sitenote_active":false,"_monsterinsights_sitenote_note":"","_monsterinsights_sitenote_category":0,"footnotes":""},"class_list":["post-3","page","type-page","status-publish","hentry"],"aioseo_notices":[],"_links":{"self":[{"href":"https:\/\/efcac.eu\/de\/wp-json\/wp\/v2\/pages\/3","targetHints":{"allow":["GET"]}}],"collection":[{"href":"https:\/\/efcac.eu\/de\/wp-json\/wp\/v2\/pages"}],"about":[{"href":"https:\/\/efcac.eu\/de\/wp-json\/wp\/v2\/types\/page"}],"author":[{"embeddable":true,"href":"https:\/\/efcac.eu\/de\/wp-json\/wp\/v2\/users\/1"}],"replies":[{"embeddable":true,"href":"https:\/\/efcac.eu\/de\/wp-json\/wp\/v2\/comments?post=3"}],"version-history":[{"count":0,"href":"https:\/\/efcac.eu\/de\/wp-json\/wp\/v2\/pages\/3\/revisions"}],"wp:attachment":[{"href":"https:\/\/efcac.eu\/de\/wp-json\/wp\/v2\/media?parent=3"}],"curies":[{"name":"wp","href":"https:\/\/api.w.org\/{rel}","templated":true}]}}