 {"id":313,"date":"2024-02-06T06:06:06","date_gmt":"2024-02-06T06:06:06","guid":{"rendered":"https:\/\/testerwp.com\/elementor-wp\/event-elementor\/?page_id=5"},"modified":"2025-10-17T14:39:00","modified_gmt":"2025-10-17T14:39:00","slug":"home","status":"publish","type":"page","link":"https:\/\/efcac.eu\/de\/","title":{"rendered":"Startseite"},"content":{"rendered":"<div data-elementor-type=\"wp-page\" data-elementor-id=\"313\" class=\"elementor elementor-313\">\n\t\t\t\t<div class=\"elementor-element elementor-element-6418773 e-flex e-con-boxed e-con e-parent\" data-id=\"6418773\" data-element_type=\"container\" data-settings=\"{&quot;background_background&quot;:&quot;classic&quot;}\">\n\t\t\t\t\t<div class=\"e-con-inner\">\n\t\t<div class=\"elementor-element elementor-element-2f17e16 e-con-full e-flex e-con e-child\" data-id=\"2f17e16\" data-element_type=\"container\">\n\t\t<div class=\"elementor-element elementor-element-ca25a70 e-con-full e-flex e-con e-child\" data-id=\"ca25a70\" data-element_type=\"container\" data-settings=\"{&quot;background_background&quot;:&quot;classic&quot;}\">\n\t\t<div class=\"elementor-element elementor-element-74eaf32 e-con-full e-flex e-con e-child\" data-id=\"74eaf32\" data-element_type=\"container\">\n\t\t\t\t<div class=\"elementor-element elementor-element-d104d0d elementor-widget elementor-widget-elementskit-heading\" data-id=\"d104d0d\" data-element_type=\"widget\" data-widget_type=\"elementskit-heading.default\">\n\t\t\t\t<div class=\"elementor-widget-container\">\n\t\t\t\t\t<div class=\"ekit-wid-con\" ><div class=\"ekit-heading elementskit-section-title-wraper text_left   ekit_heading_tablet-   ekit_heading_mobile-\"><h2 class=\"ekit-heading--title elementskit-section-title\">Gr\u00fc\u00dfe des Pr\u00e4sidenten der E.F.C.A.C.<\/h2>\t\t\t\t<div class='ekit-heading__description'>\n\t\t\t\t\t<p>Die F\u00f6deration, deren Name bei der Gr\u00fcndung F.U.E.C.H. lautete, was auf Franz\u00f6sisch \"F\u00e9d\u00e9ration de l'Union Europ\u00e9enne de Consuls Honoraires\" bedeutet, wurde am 17. April 2004 in Grenoble (Frankreich) von ihren Gr\u00fcndungsmitgliedern, den nationalen Konsularverb\u00e4nden \u00d6sterreichs, Belgiens, Frankreichs, Deutschlands, der Niederlande und Sloweniens, als einzige offizielle europ\u00e4ische F\u00f6deration der Konsularverb\u00e4nde der Honorarkonsuln gegr\u00fcndet.<\/p>\n<p>\u00a0<\/p>\n<p>Seit der Anpassung der Satzung wurde der Name in E.F.C.A.C. (European Federation of Consular Associations and Consuls), auf Franz\u00f6sisch F.E.A.C.C. (F\u00e9d\u00e9ration Europ\u00e9enne d'Associations Consulaires et de Consuls) ge\u00e4ndert.<\/p>\n\t\t\t\t<\/div>\n\t\t\t<\/div><\/div>\t\t\t\t<\/div>\n\t\t\t\t<\/div>\n\t\t\t\t<div class=\"elementor-element elementor-element-d67ff2a elementor-widget elementor-widget-text-editor\" data-id=\"d67ff2a\" data-element_type=\"widget\" data-widget_type=\"text-editor.default\">\n\t\t\t\t<div class=\"elementor-widget-container\">\n\t\t\t\t\t\t\t\t\t<p>In meiner derzeitigen Position als Pr\u00e4sident der E.F.C.A.C. bringe ich Ihnen meine h\u00f6chste kollegiale Wertsch\u00e4tzung zum Ausdruck.<\/p>\t\t\t\t\t\t\t\t<\/div>\n\t\t\t\t<\/div>\n\t\t\t\t<\/div>\n\t\t<div class=\"elementor-element elementor-element-ed60b89 e-con-full e-flex e-con e-child\" data-id=\"ed60b89\" data-element_type=\"container\" data-settings=\"{&quot;background_background&quot;:&quot;classic&quot;}\">\n\t\t\t\t<div class=\"elementor-element elementor-element-7ee3a28 elementor-widget elementor-widget-image\" data-id=\"7ee3a28\" data-element_type=\"widget\" data-widget_type=\"image.default\">\n\t\t\t\t<div class=\"elementor-widget-container\">\n\t\t\t\t\t\t\t\t\t\t\t\t\t\t\t<img decoding=\"async\" width=\"158\" height=\"200\" src=\"https:\/\/efcac.eu\/wp-content\/uploads\/2025\/05\/Portrait-Baron-Haus.jpg\" class=\"attachment-large size-large wp-image-635\" alt=\"\" \/>\t\t\t\t\t\t\t\t\t\t\t\t\t\t\t<\/div>\n\t\t\t\t<\/div>\n\t\t\t\t<div class=\"elementor-element elementor-element-a8e6887 elementor-widget elementor-widget-heading\" data-id=\"a8e6887\" data-element_type=\"widget\" data-widget_type=\"heading.default\">\n\t\t\t\t<div class=\"elementor-widget-container\">\n\t\t\t\t\t<h2 class=\"elementor-heading-title elementor-size-default\">H.C. Baron Haus <br>Pr\u00e4sident<\/h2>\t\t\t\t<\/div>\n\t\t\t\t<\/div>\n\t\t\t\t<\/div>\n\t\t\t\t<\/div>\n\t\t\t\t<\/div>\n\t\t\t\t\t<\/div>\n\t\t\t\t<\/div>\n\t\t<div class=\"elementor-element elementor-element-5e12139 e-flex e-con-boxed e-con e-parent\" data-id=\"5e12139\" data-element_type=\"container\" data-settings=\"{&quot;background_background&quot;:&quot;classic&quot;}\">\n\t\t\t\t\t<div class=\"e-con-inner\">\n\t\t<div class=\"elementor-element elementor-element-d3de453 e-con-full e-flex e-con e-child\" data-id=\"d3de453\" data-element_type=\"container\" data-settings=\"{&quot;background_background&quot;:&quot;classic&quot;}\">\n\t\t\t\t<\/div>\n\t\t<div class=\"elementor-element elementor-element-35a9bbc e-con-full e-flex e-con e-child\" data-id=\"35a9bbc\" data-element_type=\"container\">\n\t\t\t\t<div class=\"elementor-element elementor-element-324d0ab elementor-widget elementor-widget-elementskit-heading\" data-id=\"324d0ab\" data-element_type=\"widget\" data-widget_type=\"elementskit-heading.default\">\n\t\t\t\t<div class=\"elementor-widget-container\">\n\t\t\t\t\t<div class=\"ekit-wid-con\" ><div class=\"ekit-heading elementskit-section-title-wraper text_left   ekit_heading_tablet-   ekit_heading_mobile-\"><span class=\"elementskit-section-subtitle  elementskit-style-border\">\n\t\t\t\t\t\t\u00dcber das E.F.C.A.C.\n\t\t\t\t\t<\/span><\/div><\/div>\t\t\t\t<\/div>\n\t\t\t\t<\/div>\n\t\t\t\t<div class=\"elementor-element elementor-element-7cf8d2f elementor-widget elementor-widget-text-editor\" data-id=\"7cf8d2f\" data-element_type=\"widget\" data-widget_type=\"text-editor.default\">\n\t\t\t\t<div class=\"elementor-widget-container\">\n\t\t\t\t\t\t\t\t\t<p>Das in der Satzung festgehaltene Ziel besteht darin, eine Harmonisierung der Aufgaben, Rechte und Pflichten der Honorarkonsuln in Europa anzustreben.<\/p><p>In einem vereinten Europa mit derzeit 27 europ\u00e4ischen Mitgliedstaaten unterliegen die Rolle und die Aufgaben von Honorarkonsuln einem tiefgreifenden Wandel, da immer mehr Honorarkonsuln in und von europ\u00e4ischen Staaten ernannt werden, um die traditionelle Position der Berufskonsuln zu ersetzen.<\/p><p>Die E.F.C.A.C. sieht daher ihre wichtigste Aufgabe darin, eine starke europ\u00e4ische F\u00f6deration nationaler oder regionaler Konsularverb\u00e4nde aufzubauen, um sicherzustellen, dass das ver\u00e4nderte Profil und der Status der Honorarkonsuln auf europ\u00e4ischer Ebene anerkannt und ihre Pflichten, Rechte und Arbeitsbedingungen innerhalb der Europ\u00e4ischen Union harmonisiert werden.<\/p><p>Wir laden alle nationalen oder regionalen europ\u00e4ischen Konsularverb\u00e4nde, die noch nicht Mitglied der E.F.C.A.C. sind, ein, sich der dynamischen Europ\u00e4ischen F\u00f6deration anzuschlie\u00dfen, deren Zusammenarbeit auf gegenseitigem Verst\u00e4ndnis, Freundschaft und kollegialer Kooperation in ihrem Engagement f\u00fcr die Interessen der Honorarkonsuln in Europa beruht.<\/p>\t\t\t\t\t\t\t\t<\/div>\n\t\t\t\t<\/div>\n\t\t<div class=\"elementor-element elementor-element-38790c5 e-con-full e-flex e-con e-child\" data-id=\"38790c5\" data-element_type=\"container\">\n\t\t\t\t<div class=\"elementor-element elementor-element-66cdce2 elementor-align-left elementor-align--mobilecenter elementor-widget elementor-widget-elementskit-button\" data-id=\"66cdce2\" data-element_type=\"widget\" data-widget_type=\"elementskit-button.default\">\n\t\t\t\t<div class=\"elementor-widget-container\">\n\t\t\t\t\t<div class=\"ekit-wid-con\" >\t\t<div class=\"ekit-btn-wraper\">\n\t\t\t\t\t\t\t<a href=\"\/de\/contact\/\" class=\"elementskit-btn  whitespace--normal\" id=\"\">\n\t\t\t\t\tKontaktieren Sie uns\t\t\t\t<\/a>\n\t\t\t\t\t<\/div>\n        <\/div>\t\t\t\t<\/div>\n\t\t\t\t<\/div>\n\t\t\t\t<\/div>\n\t\t\t\t<\/div>\n\t\t\t\t\t<\/div>\n\t\t\t\t<\/div>\n\t\t\t\t<\/div>","protected":false},"excerpt":{"rendered":"<p>Gru\u00dfworte des Pr\u00e4sidenten der E.F.C.A.C. Die F\u00f6deration, deren Name bei der Gr\u00fcndung F.U.E.C.H. lautete, was auf Franz\u00f6sisch \"F\u00e9d\u00e9ration de l'Union Europ\u00e9enne de Consuls Honoraires\" bedeutet, wurde am 17. April 2004 in Grenoble (Frankreich) von ihren Gr\u00fcndungsmitgliedern, den Nationalen Konsularverb\u00e4nden \u00d6sterreichs, Belgiens, Frankreichs, Deutschlands, der Niederlande und Sloweniens als einzige offizielle...<\/p>","protected":false},"author":1,"featured_media":0,"parent":0,"menu_order":0,"comment_status":"closed","ping_status":"closed","template":"elementor_header_footer","meta":{"_monsterinsights_skip_tracking":false,"_monsterinsights_sitenote_active":false,"_monsterinsights_sitenote_note":"","_monsterinsights_sitenote_category":0,"footnotes":""},"class_list":["post-313","page","type-page","status-publish","hentry"],"aioseo_notices":[],"_links":{"self":[{"href":"https:\/\/efcac.eu\/de\/wp-json\/wp\/v2\/pages\/313","targetHints":{"allow":["GET"]}}],"collection":[{"href":"https:\/\/efcac.eu\/de\/wp-json\/wp\/v2\/pages"}],"about":[{"href":"https:\/\/efcac.eu\/de\/wp-json\/wp\/v2\/types\/page"}],"author":[{"embeddable":true,"href":"https:\/\/efcac.eu\/de\/wp-json\/wp\/v2\/users\/1"}],"replies":[{"embeddable":true,"href":"https:\/\/efcac.eu\/de\/wp-json\/wp\/v2\/comments?post=313"}],"version-history":[{"count":15,"href":"https:\/\/efcac.eu\/de\/wp-json\/wp\/v2\/pages\/313\/revisions"}],"predecessor-version":[{"id":1381,"href":"https:\/\/efcac.eu\/de\/wp-json\/wp\/v2\/pages\/313\/revisions\/1381"}],"wp:attachment":[{"href":"https:\/\/efcac.eu\/de\/wp-json\/wp\/v2\/media?parent=313"}],"curies":[{"name":"wp","href":"https:\/\/api.w.org\/{rel}","templated":true}]}}