 {"id":3,"date":"2025-05-06T16:16:43","date_gmt":"2025-05-06T16:16:43","guid":{"rendered":"https:\/\/efcac.eu\/?page_id=3"},"modified":"2025-05-07T07:18:50","modified_gmt":"2025-05-07T07:18:50","slug":"legal","status":"publish","type":"page","link":"https:\/\/efcac.eu\/fr\/legal\/","title":{"rendered":"Juridique"},"content":{"rendered":"<div data-elementor-type=\"wp-page\" data-elementor-id=\"3\" class=\"elementor elementor-3\">\n\t\t\t\t<div class=\"elementor-element elementor-element-a59d55b e-flex e-con-boxed e-con e-parent\" data-id=\"a59d55b\" data-element_type=\"container\">\n\t\t\t\t\t<div class=\"e-con-inner\">\n\t\t\t\t<div class=\"elementor-element elementor-element-40704de elementor-widget elementor-widget-text-editor\" data-id=\"40704de\" data-element_type=\"widget\" data-widget_type=\"text-editor.default\">\n\t\t\t\t<div class=\"elementor-widget-container\">\n\t\t\t\t\t\t\t\t\t<p><strong>F\u00e9d\u00e9ration europ\u00e9enne des associations consulaires et des consuls (E.F.C.A.C.)<\/strong><br \/><strong> F\u00e9deration Europ\u00e9enne d' Associations Consulaires et de Consuls (F.E.A.C.C.) <\/strong><\/p>\n<p><em><span style=\"text-decoration: underline;\"><strong>Bureau E.F.C.A.C. <\/strong><\/span><\/em><\/p>\n<p>Avenue Winston Churchill, 249\/16 B-1180 Bruxelles BELGIQUE\u00a0<\/p>\n<p><span style=\"text-decoration: underline;\"><em><strong>Avis juridique :<\/strong><\/em><\/span><\/p>\n<p>Les sites web de l'E.F.C.A.C. sont destin\u00e9s \u00e0 faciliter l'acc\u00e8s du public aux informations concernant les activit\u00e9s de l'E.F.C.A.C. Ils ne sont toutefois pas destin\u00e9s \u00e0 servir de conseils juridiques, pour lesquels il convient toujours de demander l'avis d'un expert. E.F.C.A.C. n'accepte aucune responsabilit\u00e9 pour le contenu propos\u00e9. Malgr\u00e9 tous nos efforts, nous ne pouvons garantir l'exactitude, l'exhaustivit\u00e9 et l'actualit\u00e9 des informations, ni la disponibilit\u00e9 ou le fonctionnement de ce site web. Le contenu de ce site n'est pas juridiquement contraignant. E.F.C.A.C. ne peut \u00eatre tenu responsable du contenu d'autres sites web auxquels il renvoie par un lien.<\/p>\n<p><span style=\"text-decoration: underline;\"><em><strong>Cookies et protection de la vie priv\u00e9e :<\/strong><\/em><\/span><\/p>\n<p class=\"\" data-start=\"275\" data-end=\"455\">Au <strong data-start=\"278\" data-end=\"290\">efcac.eu<\/strong>Nous accordons une grande importance \u00e0 votre vie priv\u00e9e et nous nous engageons \u00e0 prot\u00e9ger vos donn\u00e9es personnelles. Cette page explique comment nous collectons, utilisons et stockons les informations lorsque vous visitez notre site web.<\/p>\n<p data-start=\"457\" data-end=\"478\">1. Utilisation des cookies<\/p>\n<p class=\"\" data-start=\"480\" data-end=\"811\">Nous n'utilisons que des cookies essentiels pour am\u00e9liorer l'exp\u00e9rience de l'utilisateur et comprendre comment notre site web est utilis\u00e9. En particulier, <strong data-start=\"598\" data-end=\"618\">Google Analytics<\/strong> est mis en \u0153uvre pour recueillir des donn\u00e9es anonymes sur le trafic du site web et les interactions des utilisateurs. Ces cookies nous aident \u00e0 analyser les tendances, \u00e0 suivre les mouvements des utilisateurs et \u00e0 compiler des donn\u00e9es globales afin d'am\u00e9liorer le site.<\/p>\n<p data-start=\"813\" data-end=\"840\">2. Quelles sont les donn\u00e9es que nous collectons ?<\/p>\n<p class=\"\" data-start=\"842\" data-end=\"912\">Par le biais de Google Analytics, nous collectons <strong data-start=\"879\" data-end=\"903\">donn\u00e9es d'utilisation anonymes<\/strong> par exemple :<\/p>\n<p class=\"\" data-start=\"916\" data-end=\"929\">- Pages visit\u00e9es<\/p>\n<p class=\"\" data-start=\"932\" data-end=\"955\">- Temps pass\u00e9 sur chaque page<\/p>\n<p class=\"\" data-start=\"958\" data-end=\"981\">- Type d'appareil et de navigateur<\/p>\n<p class=\"\" data-start=\"984\" data-end=\"1032\">- R\u00e9gion g\u00e9ographique g\u00e9n\u00e9rale (pas de lieu pr\u00e9cis)<\/p>\n<p class=\"\" data-start=\"1034\" data-end=\"1136\">Ces donn\u00e9es ne <strong data-start=\"1049\" data-end=\"1056\">pas<\/strong> comprennent des informations personnellement identifiables et ne peuvent pas \u00eatre utilis\u00e9es pour vous identifier.<\/p>\n<p data-start=\"1138\" data-end=\"1159\">3. Conservation des donn\u00e9es<\/p>\n<p class=\"\" data-start=\"1161\" data-end=\"1301\">Les donn\u00e9es collect\u00e9es par Google Analytics sont conserv\u00e9es conform\u00e9ment aux r\u00e8gles de Google. Nous ne stockons ni ne conservons nous-m\u00eames aucune donn\u00e9e personnelle.<\/p>\n<p data-start=\"1303\" data-end=\"1333\">4. Aucune information personnelle<\/p>\n<p class=\"\" data-start=\"1335\" data-end=\"1501\">efcac.eu fait <strong data-start=\"1349\" data-end=\"1356\">pas<\/strong> collecter, stocker ou partager des informations personnelles telles que des noms, des adresses \u00e9lectroniques ou des adresses IP (en dehors de celles que Google Analytics peut rendre anonymes).<\/p>\n<p data-start=\"1503\" data-end=\"1526\">5. Gestion des cookies<\/p>\n<p class=\"\" data-start=\"1528\" data-end=\"1722\">Vous pouvez \u00e0 tout moment contr\u00f4ler ou supprimer les cookies par le biais des param\u00e8tres de votre navigateur. Pour plus d'informations, visitez le site <a class=\"\" href=\"http:\/\/www.aboutcookies.org\" target=\"_new\" rel=\"noopener\" data-start=\"1633\" data-end=\"1684\">www.aboutcookies.org<\/a> ou consultez la section d'aide de votre navigateur.<\/p>\n<p data-start=\"1724\" data-end=\"1751\">6. Services de tiers<\/p>\n<p class=\"\" data-start=\"1753\" data-end=\"1964\">Nous utilisons <strong data-start=\"1760\" data-end=\"1780\">Google Analytics<\/strong>un service d'analyse de site internet fourni par Google Inc. Pour plus de d\u00e9tails sur l'utilisation de ces donn\u00e9es par Google, veuillez vous r\u00e9f\u00e9rer \u00e0 la section <a class=\"cursor-pointer\" target=\"_new\" rel=\"noopener\" data-start=\"1897\" data-end=\"1958\">Confidentialit\u00e9 et conditions d'utilisation de Google<\/a> page.<\/p>\t\t\t\t\t\t\t\t<\/div>\n\t\t\t\t<\/div>\n\t\t\t\t\t<\/div>\n\t\t\t\t<\/div>\n\t\t\t\t<\/div>","protected":false},"excerpt":{"rendered":"<p>European Federation of Consular Associations and Consuls (E.F.C.A.C.) F\u00e9deration Europ\u00e9enne d' Associations Consulaires et de Consuls (F.E.A.C.C.) Bureau E.F.C.A.C. Avenue Winston Churchill, 249\/16 B-1180 Bruxelles BELGIQUE Avis juridique : Les sites web de l'E.F.C.A.C. sont destin\u00e9s \u00e0 faciliter l'acc\u00e8s du public aux informations concernant les activit\u00e9s de l'E.F.C.A.C. Ils ne sont toutefois pas destin\u00e9s \u00e0 servir de conseils juridiques,...<\/p>","protected":false},"author":1,"featured_media":0,"parent":0,"menu_order":0,"comment_status":"closed","ping_status":"closed","template":"elementor_header_footer","meta":{"_monsterinsights_skip_tracking":false,"_monsterinsights_sitenote_active":false,"_monsterinsights_sitenote_note":"","_monsterinsights_sitenote_category":0,"footnotes":""},"class_list":["post-3","page","type-page","status-publish","hentry"],"aioseo_notices":[],"_links":{"self":[{"href":"https:\/\/efcac.eu\/fr\/wp-json\/wp\/v2\/pages\/3","targetHints":{"allow":["GET"]}}],"collection":[{"href":"https:\/\/efcac.eu\/fr\/wp-json\/wp\/v2\/pages"}],"about":[{"href":"https:\/\/efcac.eu\/fr\/wp-json\/wp\/v2\/types\/page"}],"author":[{"embeddable":true,"href":"https:\/\/efcac.eu\/fr\/wp-json\/wp\/v2\/users\/1"}],"replies":[{"embeddable":true,"href":"https:\/\/efcac.eu\/fr\/wp-json\/wp\/v2\/comments?post=3"}],"version-history":[{"count":0,"href":"https:\/\/efcac.eu\/fr\/wp-json\/wp\/v2\/pages\/3\/revisions"}],"wp:attachment":[{"href":"https:\/\/efcac.eu\/fr\/wp-json\/wp\/v2\/media?parent=3"}],"curies":[{"name":"wp","href":"https:\/\/api.w.org\/{rel}","templated":true}]}}