 {"id":313,"date":"2024-02-06T06:06:06","date_gmt":"2024-02-06T06:06:06","guid":{"rendered":"https:\/\/testerwp.com\/elementor-wp\/event-elementor\/?page_id=5"},"modified":"2025-10-17T14:39:00","modified_gmt":"2025-10-17T14:39:00","slug":"home","status":"publish","type":"page","link":"https:\/\/efcac.eu\/fr\/","title":{"rendered":"Accueil"},"content":{"rendered":"<div data-elementor-type=\"wp-page\" data-elementor-id=\"313\" class=\"elementor elementor-313\">\n\t\t\t\t<div class=\"elementor-element elementor-element-6418773 e-flex e-con-boxed e-con e-parent\" data-id=\"6418773\" data-element_type=\"container\" data-settings=\"{&quot;background_background&quot;:&quot;classic&quot;}\">\n\t\t\t\t\t<div class=\"e-con-inner\">\n\t\t<div class=\"elementor-element elementor-element-2f17e16 e-con-full e-flex e-con e-child\" data-id=\"2f17e16\" data-element_type=\"container\">\n\t\t<div class=\"elementor-element elementor-element-ca25a70 e-con-full e-flex e-con e-child\" data-id=\"ca25a70\" data-element_type=\"container\" data-settings=\"{&quot;background_background&quot;:&quot;classic&quot;}\">\n\t\t<div class=\"elementor-element elementor-element-74eaf32 e-con-full e-flex e-con e-child\" data-id=\"74eaf32\" data-element_type=\"container\">\n\t\t\t\t<div class=\"elementor-element elementor-element-d104d0d elementor-widget elementor-widget-elementskit-heading\" data-id=\"d104d0d\" data-element_type=\"widget\" data-widget_type=\"elementskit-heading.default\">\n\t\t\t\t<div class=\"elementor-widget-container\">\n\t\t\t\t\t<div class=\"ekit-wid-con\" ><div class=\"ekit-heading elementskit-section-title-wraper text_left   ekit_heading_tablet-   ekit_heading_mobile-\"><h2 class=\"ekit-heading--title elementskit-section-title\">Salutations du Pr\u00e9sident de la F.E.A.C.C.<\/h2>\t\t\t\t<div class='ekit-heading__description'>\n\t\t\t\t\t<p>La f\u00e9d\u00e9ration, dont le nom \u00e9tait lors de sa fondation F.U.E.C.H. , qui veut dire \u00ab F\u00e9d\u00e9ration de l\u2019Union Europ\u00e9enne de Consuls Honoraires \u00bb, a \u00e9t\u00e9 fond\u00e9e le 17 avril 2004 \u00e0 Grenoble (France) par ses membres fondateurs, les associations consulaires nationales d\u2019 Autriche, Belgique, France, Allemagne, Pays-Bas et Slov\u00e9nie, en tant que l\u2019unique f\u00e9d\u00e9ration europ\u00e9enne officielle d\u2019 associations consulaires europ\u00e9ennes.<\/p>\n<p>\u00a0<\/p>\n<p>Depuis l\u2019adaptation de ses statuts, le nom a \u00e9t\u00e9 chang\u00e9 en E.F.C.A.C. (European Federation of Consular Assocations and Consuls), en fran\u00e7ais F.E.A.C.C. (F\u00e9d\u00e9ration Europ\u00e9enne d\u2019Associations Consulaires et de Consuls)<\/p>\n\t\t\t\t<\/div>\n\t\t\t<\/div><\/div>\t\t\t\t<\/div>\n\t\t\t\t<\/div>\n\t\t\t\t<div class=\"elementor-element elementor-element-d67ff2a elementor-widget elementor-widget-text-editor\" data-id=\"d67ff2a\" data-element_type=\"widget\" data-widget_type=\"text-editor.default\">\n\t\t\t\t<div class=\"elementor-widget-container\">\n\t\t\t\t\t\t\t\t\t<p>En ma qualit\u00e9 actuelle de Pr\u00e9sident de l'E.F.C.A.C., je vous exprime l'expression de ma plus haute consid\u00e9ration coll\u00e9giale.<\/p>\t\t\t\t\t\t\t\t<\/div>\n\t\t\t\t<\/div>\n\t\t\t\t<\/div>\n\t\t<div class=\"elementor-element elementor-element-ed60b89 e-con-full e-flex e-con e-child\" data-id=\"ed60b89\" data-element_type=\"container\" data-settings=\"{&quot;background_background&quot;:&quot;classic&quot;}\">\n\t\t\t\t<div class=\"elementor-element elementor-element-7ee3a28 elementor-widget elementor-widget-image\" data-id=\"7ee3a28\" data-element_type=\"widget\" data-widget_type=\"image.default\">\n\t\t\t\t<div class=\"elementor-widget-container\">\n\t\t\t\t\t\t\t\t\t\t\t\t\t\t\t<img decoding=\"async\" width=\"158\" height=\"200\" src=\"https:\/\/efcac.eu\/wp-content\/uploads\/2025\/05\/Portrait-Baron-Haus.jpg\" class=\"attachment-large size-large wp-image-635\" alt=\"\" \/>\t\t\t\t\t\t\t\t\t\t\t\t\t\t\t<\/div>\n\t\t\t\t<\/div>\n\t\t\t\t<div class=\"elementor-element elementor-element-a8e6887 elementor-widget elementor-widget-heading\" data-id=\"a8e6887\" data-element_type=\"widget\" data-widget_type=\"heading.default\">\n\t\t\t\t<div class=\"elementor-widget-container\">\n\t\t\t\t\t<h2 class=\"elementor-heading-title elementor-size-default\">H.C. Baron Haus <br>Pr\u00e9sident<\/h2>\t\t\t\t<\/div>\n\t\t\t\t<\/div>\n\t\t\t\t<\/div>\n\t\t\t\t<\/div>\n\t\t\t\t<\/div>\n\t\t\t\t\t<\/div>\n\t\t\t\t<\/div>\n\t\t<div class=\"elementor-element elementor-element-5e12139 e-flex e-con-boxed e-con e-parent\" data-id=\"5e12139\" data-element_type=\"container\" data-settings=\"{&quot;background_background&quot;:&quot;classic&quot;}\">\n\t\t\t\t\t<div class=\"e-con-inner\">\n\t\t<div class=\"elementor-element elementor-element-d3de453 e-con-full e-flex e-con e-child\" data-id=\"d3de453\" data-element_type=\"container\" data-settings=\"{&quot;background_background&quot;:&quot;classic&quot;}\">\n\t\t\t\t<\/div>\n\t\t<div class=\"elementor-element elementor-element-35a9bbc e-con-full e-flex e-con e-child\" data-id=\"35a9bbc\" data-element_type=\"container\">\n\t\t\t\t<div class=\"elementor-element elementor-element-324d0ab elementor-widget elementor-widget-elementskit-heading\" data-id=\"324d0ab\" data-element_type=\"widget\" data-widget_type=\"elementskit-heading.default\">\n\t\t\t\t<div class=\"elementor-widget-container\">\n\t\t\t\t\t<div class=\"ekit-wid-con\" ><div class=\"ekit-heading elementskit-section-title-wraper text_left   ekit_heading_tablet-   ekit_heading_mobile-\"><span class=\"elementskit-section-subtitle  elementskit-style-border\">\n\t\t\t\t\t\tA propos de la F.E.A.C.C.\n\t\t\t\t\t<\/span><\/div><\/div>\t\t\t\t<\/div>\n\t\t\t\t<\/div>\n\t\t\t\t<div class=\"elementor-element elementor-element-7cf8d2f elementor-widget elementor-widget-text-editor\" data-id=\"7cf8d2f\" data-element_type=\"widget\" data-widget_type=\"text-editor.default\">\n\t\t\t\t<div class=\"elementor-widget-container\">\n\t\t\t\t\t\t\t\t\t<p>Ses objectifs, pr\u00e9cis\u00e9s dans ses statuts, sont de promouvoir l\u2019harmonisation des devoirs, droits et t\u00e2ches des consuls honoraires en poste en Europe.<\/p><p>Dans l\u2019Europe Unie actuelle de 27 \u00e9tats-membres, le r\u00f4le et les devoirs des Consuls Honoraires connaissent d\u2019\u00e9normes changements correspondant \u00e0 un nombre croissant de Consuls Honoraires accr\u00e9dit\u00e9s par et dans des \u00e9tats europ\u00e9ens en remplacement de Consuls de carri\u00e8re.<\/p><p>Par cons\u00e9quent la E.F.C.A.C. estime qu\u2019une de ses t\u00e2ches principales est de construire une f\u00e9d\u00e9ration europ\u00e9enne d\u2019associations consulaires nationales ou r\u00e9gionales puissante afin de s\u2019assurer que les profiles adapt\u00e9s et les statuts des Consuls Honoraires soient reconnus au niveau europ\u00e9en et que leurs devoirs, droits et conditions de travail soient harmonis\u00e9s dans l\u2019Union Europ\u00e9enne.<\/p><p>Nous invitons chaleureusement tous les associations consulaires europ\u00e9ennes, nationales ou r\u00e9gionales, n\u2019\u00e9tant pas encore membre de la f\u00e9d\u00e9ration europ\u00e9enne en plein essor, de rejoindre celle-ci afin de promouvoir ensemble les devoirs et int\u00e9r\u00eats des Consuls Honoraires en Europe et de tisser des liens d\u2019amiti\u00e9, de compr\u00e9hension et de coop\u00e9ration coll\u00e9giale.<\/p>\t\t\t\t\t\t\t\t<\/div>\n\t\t\t\t<\/div>\n\t\t<div class=\"elementor-element elementor-element-38790c5 e-con-full e-flex e-con e-child\" data-id=\"38790c5\" data-element_type=\"container\">\n\t\t\t\t<div class=\"elementor-element elementor-element-66cdce2 elementor-align-left elementor-align--mobilecenter elementor-widget elementor-widget-elementskit-button\" data-id=\"66cdce2\" data-element_type=\"widget\" data-widget_type=\"elementskit-button.default\">\n\t\t\t\t<div class=\"elementor-widget-container\">\n\t\t\t\t\t<div class=\"ekit-wid-con\" >\t\t<div class=\"ekit-btn-wraper\">\n\t\t\t\t\t\t\t<a href=\"\/fr\/contact\/\" class=\"elementskit-btn  whitespace--normal\" id=\"\">\n\t\t\t\t\tnous contacter\t\t\t\t<\/a>\n\t\t\t\t\t<\/div>\n        <\/div>\t\t\t\t<\/div>\n\t\t\t\t<\/div>\n\t\t\t\t<\/div>\n\t\t\t\t<\/div>\n\t\t\t\t\t<\/div>\n\t\t\t\t<\/div>\n\t\t\t\t<\/div>","protected":false},"excerpt":{"rendered":"<p>V\u0153ux du Pr\u00e9sident de l'E.F.C.A.C. La F\u00e9d\u00e9ration, dont le nom fondateur est F.U.E.C.H., qui signifie en fran\u00e7ais \"F\u00e9d\u00e9ration de l'Union Europ\u00e9enne de Consuls Honoraires\", a \u00e9t\u00e9 fond\u00e9e le 17 avril 2004 \u00e0 Grenoble (France) par ses membres fondateurs, les Associations Consulaires Nationales d'Allemagne, d'Autriche, de Belgique, de France, des Pays-Bas et de Slov\u00e9nie, en tant qu'unique...<\/p>","protected":false},"author":1,"featured_media":0,"parent":0,"menu_order":0,"comment_status":"closed","ping_status":"closed","template":"elementor_header_footer","meta":{"_monsterinsights_skip_tracking":false,"_monsterinsights_sitenote_active":false,"_monsterinsights_sitenote_note":"","_monsterinsights_sitenote_category":0,"footnotes":""},"class_list":["post-313","page","type-page","status-publish","hentry"],"aioseo_notices":[],"_links":{"self":[{"href":"https:\/\/efcac.eu\/fr\/wp-json\/wp\/v2\/pages\/313","targetHints":{"allow":["GET"]}}],"collection":[{"href":"https:\/\/efcac.eu\/fr\/wp-json\/wp\/v2\/pages"}],"about":[{"href":"https:\/\/efcac.eu\/fr\/wp-json\/wp\/v2\/types\/page"}],"author":[{"embeddable":true,"href":"https:\/\/efcac.eu\/fr\/wp-json\/wp\/v2\/users\/1"}],"replies":[{"embeddable":true,"href":"https:\/\/efcac.eu\/fr\/wp-json\/wp\/v2\/comments?post=313"}],"version-history":[{"count":15,"href":"https:\/\/efcac.eu\/fr\/wp-json\/wp\/v2\/pages\/313\/revisions"}],"predecessor-version":[{"id":1381,"href":"https:\/\/efcac.eu\/fr\/wp-json\/wp\/v2\/pages\/313\/revisions\/1381"}],"wp:attachment":[{"href":"https:\/\/efcac.eu\/fr\/wp-json\/wp\/v2\/media?parent=313"}],"curies":[{"name":"wp","href":"https:\/\/api.w.org\/{rel}","templated":true}]}}