 {"id":313,"date":"2024-02-06T06:06:06","date_gmt":"2024-02-06T06:06:06","guid":{"rendered":"https:\/\/testerwp.com\/elementor-wp\/event-elementor\/?page_id=5"},"modified":"2025-10-17T14:39:00","modified_gmt":"2025-10-17T14:39:00","slug":"home","status":"publish","type":"page","link":"https:\/\/efcac.eu\/nl\/","title":{"rendered":"Home"},"content":{"rendered":"<div data-elementor-type=\"wp-page\" data-elementor-id=\"313\" class=\"elementor elementor-313\">\n\t\t\t\t<div class=\"elementor-element elementor-element-6418773 e-flex e-con-boxed e-con e-parent\" data-id=\"6418773\" data-element_type=\"container\" data-settings=\"{&quot;background_background&quot;:&quot;classic&quot;}\">\n\t\t\t\t\t<div class=\"e-con-inner\">\n\t\t<div class=\"elementor-element elementor-element-2f17e16 e-con-full e-flex e-con e-child\" data-id=\"2f17e16\" data-element_type=\"container\">\n\t\t<div class=\"elementor-element elementor-element-ca25a70 e-con-full e-flex e-con e-child\" data-id=\"ca25a70\" data-element_type=\"container\" data-settings=\"{&quot;background_background&quot;:&quot;classic&quot;}\">\n\t\t<div class=\"elementor-element elementor-element-74eaf32 e-con-full e-flex e-con e-child\" data-id=\"74eaf32\" data-element_type=\"container\">\n\t\t\t\t<div class=\"elementor-element elementor-element-d104d0d elementor-widget elementor-widget-elementskit-heading\" data-id=\"d104d0d\" data-element_type=\"widget\" data-widget_type=\"elementskit-heading.default\">\n\t\t\t\t<div class=\"elementor-widget-container\">\n\t\t\t\t\t<div class=\"ekit-wid-con\" ><div class=\"ekit-heading elementskit-section-title-wraper text_left   ekit_heading_tablet-   ekit_heading_mobile-\"><h2 class=\"ekit-heading--title elementskit-section-title\">Groeten van de voorzitter van E.F.C.A.C.<\/h2>\t\t\t\t<div class='ekit-heading__description'>\n\t\t\t\t\t<p>De Federatie, waarvan de naam bij de oprichting F.U.E.C.H. was, wat in het Frans \"F\u00e9d\u00e9ration de l'Union Europ\u00e9enne de Consuls Honoraires\" betekent, werd opgericht op 17 april 2004 in Grenoble (Frankrijk) door haar oprichtende leden, de Nationale Consulaire Verenigingen van Oostenrijk, Belgi\u00eb, Frankrijk, Duitsland, Nederland en Sloveni\u00eb als de enige offici\u00eble Europese Federatie van Consulaire Verenigingen van Honoraire Consuls.<\/p>\n<p>\u00a0<\/p>\n<p>Sinds de aanpassing van de statuten werd de naam veranderd in E.F.C.A.C. (European Federation of Consular Associations and Consuls), in het Frans F.E.A.C.C. (F\u00e9d\u00e9ration Europ\u00e9enne d'Associations Consulaires et de Consuls).<\/p>\n\t\t\t\t<\/div>\n\t\t\t<\/div><\/div>\t\t\t\t<\/div>\n\t\t\t\t<\/div>\n\t\t\t\t<div class=\"elementor-element elementor-element-d67ff2a elementor-widget elementor-widget-text-editor\" data-id=\"d67ff2a\" data-element_type=\"widget\" data-widget_type=\"text-editor.default\">\n\t\t\t\t<div class=\"elementor-widget-container\">\n\t\t\t\t\t\t\t\t\t<p>In mijn huidige positie als President van de E.F.C.A.C., spreek ik u mijn hoogste collegiale waardering uit.<\/p>\t\t\t\t\t\t\t\t<\/div>\n\t\t\t\t<\/div>\n\t\t\t\t<\/div>\n\t\t<div class=\"elementor-element elementor-element-ed60b89 e-con-full e-flex e-con e-child\" data-id=\"ed60b89\" data-element_type=\"container\" data-settings=\"{&quot;background_background&quot;:&quot;classic&quot;}\">\n\t\t\t\t<div class=\"elementor-element elementor-element-7ee3a28 elementor-widget elementor-widget-image\" data-id=\"7ee3a28\" data-element_type=\"widget\" data-widget_type=\"image.default\">\n\t\t\t\t<div class=\"elementor-widget-container\">\n\t\t\t\t\t\t\t\t\t\t\t\t\t\t\t<img decoding=\"async\" width=\"158\" height=\"200\" src=\"https:\/\/efcac.eu\/wp-content\/uploads\/2025\/05\/Portrait-Baron-Haus.jpg\" class=\"attachment-large size-large wp-image-635\" alt=\"\" \/>\t\t\t\t\t\t\t\t\t\t\t\t\t\t\t<\/div>\n\t\t\t\t<\/div>\n\t\t\t\t<div class=\"elementor-element elementor-element-a8e6887 elementor-widget elementor-widget-heading\" data-id=\"a8e6887\" data-element_type=\"widget\" data-widget_type=\"heading.default\">\n\t\t\t\t<div class=\"elementor-widget-container\">\n\t\t\t\t\t<h2 class=\"elementor-heading-title elementor-size-default\">H.C. Baron Haus <br>Voorzitter<\/h2>\t\t\t\t<\/div>\n\t\t\t\t<\/div>\n\t\t\t\t<\/div>\n\t\t\t\t<\/div>\n\t\t\t\t<\/div>\n\t\t\t\t\t<\/div>\n\t\t\t\t<\/div>\n\t\t<div class=\"elementor-element elementor-element-5e12139 e-flex e-con-boxed e-con e-parent\" data-id=\"5e12139\" data-element_type=\"container\" data-settings=\"{&quot;background_background&quot;:&quot;classic&quot;}\">\n\t\t\t\t\t<div class=\"e-con-inner\">\n\t\t<div class=\"elementor-element elementor-element-d3de453 e-con-full e-flex e-con e-child\" data-id=\"d3de453\" data-element_type=\"container\" data-settings=\"{&quot;background_background&quot;:&quot;classic&quot;}\">\n\t\t\t\t<\/div>\n\t\t<div class=\"elementor-element elementor-element-35a9bbc e-con-full e-flex e-con e-child\" data-id=\"35a9bbc\" data-element_type=\"container\">\n\t\t\t\t<div class=\"elementor-element elementor-element-324d0ab elementor-widget elementor-widget-elementskit-heading\" data-id=\"324d0ab\" data-element_type=\"widget\" data-widget_type=\"elementskit-heading.default\">\n\t\t\t\t<div class=\"elementor-widget-container\">\n\t\t\t\t\t<div class=\"ekit-wid-con\" ><div class=\"ekit-heading elementskit-section-title-wraper text_left   ekit_heading_tablet-   ekit_heading_mobile-\"><span class=\"elementskit-section-subtitle  elementskit-style-border\">\n\t\t\t\t\t\tOver de E.F.C.A.C.\n\t\t\t\t\t<\/span><\/div><\/div>\t\t\t\t<\/div>\n\t\t\t\t<\/div>\n\t\t\t\t<div class=\"elementor-element elementor-element-7cf8d2f elementor-widget elementor-widget-text-editor\" data-id=\"7cf8d2f\" data-element_type=\"widget\" data-widget_type=\"text-editor.default\">\n\t\t\t\t<div class=\"elementor-widget-container\">\n\t\t\t\t\t\t\t\t\t<p>De doelstellingen, zoals beschreven in de statuten, zijn het streven naar harmonisatie van de taken, rechten en plichten van Honorair Consuls in functie in Europa.<\/p><p>In een verenigd Europa van momenteel 27 Europese lidstaten ondergaan de rol en taken van honoraire consuls enorme veranderingen nu er steeds meer honoraire consuls worden benoemd in en door Europese staten om de traditionele positie van carri\u00e8reconsuls te vervangen.<\/p><p>E.F.C.A.C. ziet het daarom als haar belangrijkste taak om een sterke Europese Federatie van nationale of regionale Consulaire Verenigingen op te bouwen om ervoor te zorgen dat het veranderende profiel en de veranderende status van Honorair Consuls op Europees niveau worden erkend en dat hun plichten, rechten en arbeidsvoorwaarden binnen de Europese Unie worden geharmoniseerd.<\/p><p>Wij verwelkomen alle nationale of regionale Europese Consulaire Verenigingen, die nog geen lid zijn van de E.F.C.A.C., om zich aan te sluiten bij de dynamische Europese Federatie, waarvan de samenwerking is gebaseerd op banden van wederzijds begrip, vriendschap en collegiale samenwerking in haar inzet voor de belangen van Honorair Consuls in Europa.<\/p>\t\t\t\t\t\t\t\t<\/div>\n\t\t\t\t<\/div>\n\t\t<div class=\"elementor-element elementor-element-38790c5 e-con-full e-flex e-con e-child\" data-id=\"38790c5\" data-element_type=\"container\">\n\t\t\t\t<div class=\"elementor-element elementor-element-66cdce2 elementor-align-left elementor-align--mobilecenter elementor-widget elementor-widget-elementskit-button\" data-id=\"66cdce2\" data-element_type=\"widget\" data-widget_type=\"elementskit-button.default\">\n\t\t\t\t<div class=\"elementor-widget-container\">\n\t\t\t\t\t<div class=\"ekit-wid-con\" >\t\t<div class=\"ekit-btn-wraper\">\n\t\t\t\t\t\t\t<a href=\"\/nl\/contact\/\" class=\"elementskit-btn  whitespace--normal\" id=\"\">\n\t\t\t\t\tcontact\t\t\t\t<\/a>\n\t\t\t\t\t<\/div>\n        <\/div>\t\t\t\t<\/div>\n\t\t\t\t<\/div>\n\t\t\t\t<\/div>\n\t\t\t\t<\/div>\n\t\t\t\t\t<\/div>\n\t\t\t\t<\/div>\n\t\t\t\t<\/div>","protected":false},"excerpt":{"rendered":"<p>Groeten van de Voorzitter van E.F.C.A.C. De Federatie, die bij de oprichting F.U.E.C.H. heette, wat in het Frans \"F\u00e9d\u00e9ration de l'Union Europ\u00e9enne de Consuls Honoraires\" betekent, werd op 17 april 2004 in Grenoble (Frankrijk) opgericht door haar oprichtende leden, de Nationale Consulaire Verenigingen van Oostenrijk, Belgi\u00eb, Frankrijk, Duitsland, Nederland en Sloveni\u00eb als de enige offici\u00eble...<\/p>","protected":false},"author":1,"featured_media":0,"parent":0,"menu_order":0,"comment_status":"closed","ping_status":"closed","template":"elementor_header_footer","meta":{"_monsterinsights_skip_tracking":false,"_monsterinsights_sitenote_active":false,"_monsterinsights_sitenote_note":"","_monsterinsights_sitenote_category":0,"footnotes":""},"class_list":["post-313","page","type-page","status-publish","hentry"],"aioseo_notices":[],"_links":{"self":[{"href":"https:\/\/efcac.eu\/nl\/wp-json\/wp\/v2\/pages\/313","targetHints":{"allow":["GET"]}}],"collection":[{"href":"https:\/\/efcac.eu\/nl\/wp-json\/wp\/v2\/pages"}],"about":[{"href":"https:\/\/efcac.eu\/nl\/wp-json\/wp\/v2\/types\/page"}],"author":[{"embeddable":true,"href":"https:\/\/efcac.eu\/nl\/wp-json\/wp\/v2\/users\/1"}],"replies":[{"embeddable":true,"href":"https:\/\/efcac.eu\/nl\/wp-json\/wp\/v2\/comments?post=313"}],"version-history":[{"count":15,"href":"https:\/\/efcac.eu\/nl\/wp-json\/wp\/v2\/pages\/313\/revisions"}],"predecessor-version":[{"id":1381,"href":"https:\/\/efcac.eu\/nl\/wp-json\/wp\/v2\/pages\/313\/revisions\/1381"}],"wp:attachment":[{"href":"https:\/\/efcac.eu\/nl\/wp-json\/wp\/v2\/media?parent=313"}],"curies":[{"name":"wp","href":"https:\/\/api.w.org\/{rel}","templated":true}]}}